{"id":11942,"date":"2024-01-29T16:19:48","date_gmt":"2024-01-29T16:19:48","guid":{"rendered":"https:\/\/www.practeez.com\/produit\/syndrome-de-limposteur-ca-minteresse-mais-a-une-autre-date\/"},"modified":"2024-12-13T08:30:09","modified_gmt":"2024-12-13T08:30:09","slug":"syndrome-de-limposteur-ca-minteresse-mais-a-une-autre-date","status":"publish","type":"product","link":"https:\/\/www.practeez.com\/en\/produit\/syndrome-de-limposteur-ca-minteresse-mais-a-une-autre-date\/","title":{"rendered":"Syndrome de l&#8217;imposteur, \u00e7a m&#8217;int\u00e9resse mais \u00e0 une autre date"},"content":{"rendered":"","protected":false},"excerpt":{"rendered":"","protected":false},"author":3,"featured_media":10722,"template":"","meta":{"_et_pb_use_builder":"","_et_pb_old_content":"","_et_gb_content_width":"","_monsterinsights_skip_tracking":false,"_monsterinsights_sitenote_active":false,"_monsterinsights_sitenote_note":"","_monsterinsights_sitenote_category":0},"product_brand":[],"product_cat":[],"product_tag":[],"class_list":{"0":"post-11942","1":"product","2":"type-product","3":"status-publish","4":"has-post-thumbnail","7":"first","8":"instock","9":"virtual","10":"taxable","11":"purchasable","12":"product-type-event_ticket"},"aioseo_notices":[],"_links":{"self":[{"href":"https:\/\/www.practeez.com\/en\/wp-json\/wp\/v2\/product\/11942","targetHints":{"allow":["GET"]}}],"collection":[{"href":"https:\/\/www.practeez.com\/en\/wp-json\/wp\/v2\/product"}],"about":[{"href":"https:\/\/www.practeez.com\/en\/wp-json\/wp\/v2\/types\/product"}],"author":[{"embeddable":true,"href":"https:\/\/www.practeez.com\/en\/wp-json\/wp\/v2\/users\/3"}],"wp:featuredmedia":[{"embeddable":true,"href":"https:\/\/www.practeez.com\/en\/wp-json\/wp\/v2\/media\/10722"}],"wp:attachment":[{"href":"https:\/\/www.practeez.com\/en\/wp-json\/wp\/v2\/media?parent=11942"}],"wp:term":[{"taxonomy":"product_brand","embeddable":true,"href":"https:\/\/www.practeez.com\/en\/wp-json\/wp\/v2\/product_brand?post=11942"},{"taxonomy":"product_cat","embeddable":true,"href":"https:\/\/www.practeez.com\/en\/wp-json\/wp\/v2\/product_cat?post=11942"},{"taxonomy":"product_tag","embeddable":true,"href":"https:\/\/www.practeez.com\/en\/wp-json\/wp\/v2\/product_tag?post=11942"}],"curies":[{"name":"wp","href":"https:\/\/api.w.org\/{rel}","templated":true}]}}