{"id":12411,"date":"2024-04-15T07:25:32","date_gmt":"2024-04-15T07:25:32","guid":{"rendered":"https:\/\/www.practeez.com\/produit\/definir-des-roles-qui-permettent-lautonomie-et-la-creativite-ca-minteresse-mais-a-une-autre-date\/"},"modified":"2024-11-27T20:29:30","modified_gmt":"2024-11-27T20:29:30","slug":"definir-des-roles-qui-permettent-lautonomie-et-la-creativite-ca-minteresse-mais-a-une-autre-date","status":"publish","type":"product","link":"https:\/\/www.practeez.com\/en\/produit\/definir-des-roles-qui-permettent-lautonomie-et-la-creativite-ca-minteresse-mais-a-une-autre-date\/","title":{"rendered":"D\u00e9finir des r\u00f4les qui permettent l&#8217;autonomie et la cr\u00e9ativit\u00e9 &#8211; \u00e7a m&#8217;int\u00e9resse mais \u00e0 une autre date"},"content":{"rendered":"","protected":false},"excerpt":{"rendered":"","protected":false},"author":3,"featured_media":3511,"template":"","meta":{"_et_pb_use_builder":"","_et_pb_old_content":"","_et_gb_content_width":"","_monsterinsights_skip_tracking":false,"_monsterinsights_sitenote_active":false,"_monsterinsights_sitenote_note":"","_monsterinsights_sitenote_category":0},"product_brand":[],"product_cat":[],"product_tag":[],"class_list":{"0":"post-12411","1":"product","2":"type-product","3":"status-publish","4":"has-post-thumbnail","7":"first","8":"instock","9":"virtual","10":"taxable","11":"purchasable","12":"product-type-event_ticket"},"aioseo_notices":[],"_links":{"self":[{"href":"https:\/\/www.practeez.com\/en\/wp-json\/wp\/v2\/product\/12411","targetHints":{"allow":["GET"]}}],"collection":[{"href":"https:\/\/www.practeez.com\/en\/wp-json\/wp\/v2\/product"}],"about":[{"href":"https:\/\/www.practeez.com\/en\/wp-json\/wp\/v2\/types\/product"}],"author":[{"embeddable":true,"href":"https:\/\/www.practeez.com\/en\/wp-json\/wp\/v2\/users\/3"}],"wp:featuredmedia":[{"embeddable":true,"href":"https:\/\/www.practeez.com\/en\/wp-json\/wp\/v2\/media\/3511"}],"wp:attachment":[{"href":"https:\/\/www.practeez.com\/en\/wp-json\/wp\/v2\/media?parent=12411"}],"wp:term":[{"taxonomy":"product_brand","embeddable":true,"href":"https:\/\/www.practeez.com\/en\/wp-json\/wp\/v2\/product_brand?post=12411"},{"taxonomy":"product_cat","embeddable":true,"href":"https:\/\/www.practeez.com\/en\/wp-json\/wp\/v2\/product_cat?post=12411"},{"taxonomy":"product_tag","embeddable":true,"href":"https:\/\/www.practeez.com\/en\/wp-json\/wp\/v2\/product_tag?post=12411"}],"curies":[{"name":"wp","href":"https:\/\/api.w.org\/{rel}","templated":true}]}}