{"id":1468,"date":"2020-03-15T10:36:58","date_gmt":"2020-03-15T10:36:58","guid":{"rendered":"https:\/\/www.practeez.com\/produit\/participation-partage-ton-pitch\/"},"modified":"2020-04-27T07:13:12","modified_gmt":"2020-04-27T07:13:12","slug":"participation-partage-ton-pitch","status":"publish","type":"product","link":"https:\/\/www.practeez.com\/en\/produit\/participation-partage-ton-pitch\/","title":{"rendered":"Participation &#8211; Partage ton Pitch &#8211; 6 juin"},"content":{"rendered":"<p>Participation \u00e0 la session en ligne et acc\u00e8s \u00e0 la communaut\u00e9<\/p>\n","protected":false},"excerpt":{"rendered":"<p>Participation \u00e0 la session en ligne et acc\u00e8s \u00e0 la communaut\u00e9<\/p>\n","protected":false},"author":3,"featured_media":2265,"template":"","meta":{"_et_pb_use_builder":"","_et_pb_old_content":"","_et_gb_content_width":"","_monsterinsights_skip_tracking":false,"_monsterinsights_sitenote_active":false,"_monsterinsights_sitenote_note":"","_monsterinsights_sitenote_category":0},"product_brand":[],"product_cat":[],"product_tag":[],"class_list":{"0":"post-1468","1":"product","2":"type-product","3":"status-publish","4":"has-post-thumbnail","7":"first","8":"instock","9":"virtual","10":"taxable","11":"purchasable","12":"product-type-event_ticket"},"aioseo_notices":[],"_links":{"self":[{"href":"https:\/\/www.practeez.com\/en\/wp-json\/wp\/v2\/product\/1468","targetHints":{"allow":["GET"]}}],"collection":[{"href":"https:\/\/www.practeez.com\/en\/wp-json\/wp\/v2\/product"}],"about":[{"href":"https:\/\/www.practeez.com\/en\/wp-json\/wp\/v2\/types\/product"}],"author":[{"embeddable":true,"href":"https:\/\/www.practeez.com\/en\/wp-json\/wp\/v2\/users\/3"}],"wp:featuredmedia":[{"embeddable":true,"href":"https:\/\/www.practeez.com\/en\/wp-json\/wp\/v2\/media\/2265"}],"wp:attachment":[{"href":"https:\/\/www.practeez.com\/en\/wp-json\/wp\/v2\/media?parent=1468"}],"wp:term":[{"taxonomy":"product_brand","embeddable":true,"href":"https:\/\/www.practeez.com\/en\/wp-json\/wp\/v2\/product_brand?post=1468"},{"taxonomy":"product_cat","embeddable":true,"href":"https:\/\/www.practeez.com\/en\/wp-json\/wp\/v2\/product_cat?post=1468"},{"taxonomy":"product_tag","embeddable":true,"href":"https:\/\/www.practeez.com\/en\/wp-json\/wp\/v2\/product_tag?post=1468"}],"curies":[{"name":"wp","href":"https:\/\/api.w.org\/{rel}","templated":true}]}}