{"id":1488,"date":"2020-03-15T13:32:49","date_gmt":"2020-03-15T13:32:49","guid":{"rendered":"https:\/\/www.practeez.com\/produit\/participation-introduction-to-design-thinking\/"},"modified":"2024-03-08T08:48:12","modified_gmt":"2024-03-08T08:48:12","slug":"participation-introduction-to-design-thinking","status":"publish","type":"product","link":"https:\/\/www.practeez.com\/en\/produit\/participation-introduction-to-design-thinking\/","title":{"rendered":"Participation \u2013 Introduction au Design Thinking"},"content":{"rendered":"<p>    Participation \u00e0 la session en ligne et acc\u00e8s \u00e0 la communaut\u00e9<\/p>\n","protected":false},"excerpt":{"rendered":"<p>Participation \u00e0 la session en ligne et acc\u00e8s \u00e0 la communaut\u00e9<\/p>\n","protected":false},"author":3,"featured_media":8660,"template":"","meta":{"_et_pb_use_builder":"","_et_pb_old_content":"","_et_gb_content_width":"","_monsterinsights_skip_tracking":false,"_monsterinsights_sitenote_active":false,"_monsterinsights_sitenote_note":"","_monsterinsights_sitenote_category":0},"product_brand":[],"product_cat":[27],"product_tag":[],"class_list":{"0":"post-1488","1":"product","2":"type-product","3":"status-publish","4":"has-post-thumbnail","6":"product_cat-non-classe","8":"first","9":"instock","10":"virtual","11":"taxable","12":"purchasable","13":"product-type-event_ticket"},"aioseo_notices":[],"_links":{"self":[{"href":"https:\/\/www.practeez.com\/en\/wp-json\/wp\/v2\/product\/1488","targetHints":{"allow":["GET"]}}],"collection":[{"href":"https:\/\/www.practeez.com\/en\/wp-json\/wp\/v2\/product"}],"about":[{"href":"https:\/\/www.practeez.com\/en\/wp-json\/wp\/v2\/types\/product"}],"author":[{"embeddable":true,"href":"https:\/\/www.practeez.com\/en\/wp-json\/wp\/v2\/users\/3"}],"wp:featuredmedia":[{"embeddable":true,"href":"https:\/\/www.practeez.com\/en\/wp-json\/wp\/v2\/media\/8660"}],"wp:attachment":[{"href":"https:\/\/www.practeez.com\/en\/wp-json\/wp\/v2\/media?parent=1488"}],"wp:term":[{"taxonomy":"product_brand","embeddable":true,"href":"https:\/\/www.practeez.com\/en\/wp-json\/wp\/v2\/product_brand?post=1488"},{"taxonomy":"product_cat","embeddable":true,"href":"https:\/\/www.practeez.com\/en\/wp-json\/wp\/v2\/product_cat?post=1488"},{"taxonomy":"product_tag","embeddable":true,"href":"https:\/\/www.practeez.com\/en\/wp-json\/wp\/v2\/product_tag?post=1488"}],"curies":[{"name":"wp","href":"https:\/\/api.w.org\/{rel}","templated":true}]}}