{"id":22187,"date":"2025-09-29T11:23:15","date_gmt":"2025-09-29T11:23:15","guid":{"rendered":"https:\/\/www.practeez.com\/produit\/participation-developpez-votre-intelligence-intuitive-au-travail-montreal-cowork\/"},"modified":"2025-10-16T17:58:20","modified_gmt":"2025-10-16T17:58:20","slug":"participation-developpez-votre-intelligence-intuitive-au-travail-montreal-cowork","status":"publish","type":"product","link":"https:\/\/www.practeez.com\/en\/produit\/participation-developpez-votre-intelligence-intuitive-au-travail-montreal-cowork\/","title":{"rendered":"Participation &#8211; D\u00e9veloppez votre intelligence intuitive au travail &#8211; Montr\u00e9al CoWork &#8211; Lunch &#038; Learn &#8211; 12h \u00e0 13h"},"content":{"rendered":"","protected":false},"excerpt":{"rendered":"","protected":false},"author":3,"featured_media":22266,"template":"","meta":{"_et_pb_use_builder":"","_et_pb_old_content":"","_et_gb_content_width":"","_monsterinsights_skip_tracking":false,"_monsterinsights_sitenote_active":false,"_monsterinsights_sitenote_note":"","_monsterinsights_sitenote_category":0},"product_brand":[],"product_cat":[],"product_tag":[],"class_list":{"0":"post-22187","1":"product","2":"type-product","3":"status-publish","4":"has-post-thumbnail","7":"first","8":"instock","9":"virtual","10":"taxable","11":"purchasable","12":"product-type-event_ticket"},"aioseo_notices":[],"_links":{"self":[{"href":"https:\/\/www.practeez.com\/en\/wp-json\/wp\/v2\/product\/22187","targetHints":{"allow":["GET"]}}],"collection":[{"href":"https:\/\/www.practeez.com\/en\/wp-json\/wp\/v2\/product"}],"about":[{"href":"https:\/\/www.practeez.com\/en\/wp-json\/wp\/v2\/types\/product"}],"author":[{"embeddable":true,"href":"https:\/\/www.practeez.com\/en\/wp-json\/wp\/v2\/users\/3"}],"wp:featuredmedia":[{"embeddable":true,"href":"https:\/\/www.practeez.com\/en\/wp-json\/wp\/v2\/media\/22266"}],"wp:attachment":[{"href":"https:\/\/www.practeez.com\/en\/wp-json\/wp\/v2\/media?parent=22187"}],"wp:term":[{"taxonomy":"product_brand","embeddable":true,"href":"https:\/\/www.practeez.com\/en\/wp-json\/wp\/v2\/product_brand?post=22187"},{"taxonomy":"product_cat","embeddable":true,"href":"https:\/\/www.practeez.com\/en\/wp-json\/wp\/v2\/product_cat?post=22187"},{"taxonomy":"product_tag","embeddable":true,"href":"https:\/\/www.practeez.com\/en\/wp-json\/wp\/v2\/product_tag?post=22187"}],"curies":[{"name":"wp","href":"https:\/\/api.w.org\/{rel}","templated":true}]}}