{"id":22729,"date":"2026-01-14T10:20:53","date_gmt":"2026-01-14T10:20:53","guid":{"rendered":"https:\/\/www.practeez.com\/produit\/atelier-decider-autrement-morez-23-fevrier-de-18h-a-19h-tarif-membres-de-la-co-workerie\/"},"modified":"2026-01-15T14:20:04","modified_gmt":"2026-01-15T14:20:04","slug":"atelier-decider-autrement-morez-23-fevrier-de-18h-a-19h-tarif-membres-de-la-co-workerie","status":"publish","type":"product","link":"https:\/\/www.practeez.com\/en\/produit\/atelier-decider-autrement-morez-23-fevrier-de-18h-a-19h-tarif-membres-de-la-co-workerie\/","title":{"rendered":"Atelier D\u00e9cider Autrement &#8211; Morez &#8211; 23 f\u00e9vrier de 18h \u00e0 19h &#8211; Tarif membres de la Co-Workerie"},"content":{"rendered":"","protected":false},"excerpt":{"rendered":"","protected":false},"author":3,"featured_media":22730,"template":"","meta":{"_et_pb_use_builder":"","_et_pb_old_content":"","_et_gb_content_width":"","_monsterinsights_skip_tracking":false,"_monsterinsights_sitenote_active":false,"_monsterinsights_sitenote_note":"","_monsterinsights_sitenote_category":0},"product_brand":[],"product_cat":[],"product_tag":[],"class_list":{"0":"post-22729","1":"product","2":"type-product","3":"status-publish","4":"has-post-thumbnail","7":"first","8":"instock","9":"virtual","10":"taxable","11":"purchasable","12":"product-type-event_ticket"},"aioseo_notices":[],"_links":{"self":[{"href":"https:\/\/www.practeez.com\/en\/wp-json\/wp\/v2\/product\/22729","targetHints":{"allow":["GET"]}}],"collection":[{"href":"https:\/\/www.practeez.com\/en\/wp-json\/wp\/v2\/product"}],"about":[{"href":"https:\/\/www.practeez.com\/en\/wp-json\/wp\/v2\/types\/product"}],"author":[{"embeddable":true,"href":"https:\/\/www.practeez.com\/en\/wp-json\/wp\/v2\/users\/3"}],"wp:featuredmedia":[{"embeddable":true,"href":"https:\/\/www.practeez.com\/en\/wp-json\/wp\/v2\/media\/22730"}],"wp:attachment":[{"href":"https:\/\/www.practeez.com\/en\/wp-json\/wp\/v2\/media?parent=22729"}],"wp:term":[{"taxonomy":"product_brand","embeddable":true,"href":"https:\/\/www.practeez.com\/en\/wp-json\/wp\/v2\/product_brand?post=22729"},{"taxonomy":"product_cat","embeddable":true,"href":"https:\/\/www.practeez.com\/en\/wp-json\/wp\/v2\/product_cat?post=22729"},{"taxonomy":"product_tag","embeddable":true,"href":"https:\/\/www.practeez.com\/en\/wp-json\/wp\/v2\/product_tag?post=22729"}],"curies":[{"name":"wp","href":"https:\/\/api.w.org\/{rel}","templated":true}]}}