{"id":3028,"date":"2021-01-28T09:14:43","date_gmt":"2021-01-28T09:14:43","guid":{"rendered":"https:\/\/www.practeez.com\/produit\/participation-etre-opal-dans-une-organisation-traditionnelle\/"},"modified":"2021-07-30T06:06:36","modified_gmt":"2021-07-30T06:06:36","slug":"participation-etre-opal-dans-une-organisation-traditionnelle","status":"publish","type":"product","link":"https:\/\/www.practeez.com\/en\/produit\/participation-etre-opal-dans-une-organisation-traditionnelle\/","title":{"rendered":"Inscription 5\u20ac puis paiement libre conscience apr\u00e8s l\u2019atelier"},"content":{"rendered":"<p>Le prix du web atelier est de 5\u20ac par personne pour les frais fixes lors de l\u2019inscription et en paiement libre pour nos r\u00e9mun\u00e9rations.<\/p>\n<p>C\u2019est seulement 24h apr\u00e8s avoir profit\u00e9 de la formation que vous fixez vous-m\u00eame le prix en fonction de la valeur ajout\u00e9e que vous estimez avoir re\u00e7ue. Pas de minimum, pas de maximum !<\/p>\n","protected":false},"excerpt":{"rendered":"<p>Le prix du web atelier est de 5\u20ac par personne pour les frais fixes lors de l\u2019inscription et en paiement libre pour nos r\u00e9mun\u00e9rations. C\u2019est seulement 24h apr\u00e8s avoir profit\u00e9 de la formation que vous fixez vous-m\u00eame le prix en fonction de la valeur ajout\u00e9e que vous estimez avoir re\u00e7ue. Pas de minimum, pas de [&hellip;]<\/p>\n","protected":false},"author":3,"featured_media":3916,"template":"","meta":{"_et_pb_use_builder":"","_et_pb_old_content":"","_et_gb_content_width":"","_monsterinsights_skip_tracking":false,"_monsterinsights_sitenote_active":false,"_monsterinsights_sitenote_note":"","_monsterinsights_sitenote_category":0},"product_brand":[],"product_cat":[27],"product_tag":[],"class_list":{"0":"post-3028","1":"product","2":"type-product","3":"status-publish","4":"has-post-thumbnail","6":"product_cat-non-classe","8":"first","9":"instock","10":"virtual","11":"taxable","12":"purchasable","13":"product-type-event_ticket"},"aioseo_notices":[],"_links":{"self":[{"href":"https:\/\/www.practeez.com\/en\/wp-json\/wp\/v2\/product\/3028","targetHints":{"allow":["GET"]}}],"collection":[{"href":"https:\/\/www.practeez.com\/en\/wp-json\/wp\/v2\/product"}],"about":[{"href":"https:\/\/www.practeez.com\/en\/wp-json\/wp\/v2\/types\/product"}],"author":[{"embeddable":true,"href":"https:\/\/www.practeez.com\/en\/wp-json\/wp\/v2\/users\/3"}],"wp:featuredmedia":[{"embeddable":true,"href":"https:\/\/www.practeez.com\/en\/wp-json\/wp\/v2\/media\/3916"}],"wp:attachment":[{"href":"https:\/\/www.practeez.com\/en\/wp-json\/wp\/v2\/media?parent=3028"}],"wp:term":[{"taxonomy":"product_brand","embeddable":true,"href":"https:\/\/www.practeez.com\/en\/wp-json\/wp\/v2\/product_brand?post=3028"},{"taxonomy":"product_cat","embeddable":true,"href":"https:\/\/www.practeez.com\/en\/wp-json\/wp\/v2\/product_cat?post=3028"},{"taxonomy":"product_tag","embeddable":true,"href":"https:\/\/www.practeez.com\/en\/wp-json\/wp\/v2\/product_tag?post=3028"}],"curies":[{"name":"wp","href":"https:\/\/api.w.org\/{rel}","templated":true}]}}