{"id":9571,"date":"2021-12-02T06:57:46","date_gmt":"2021-12-02T06:57:46","guid":{"rendered":"https:\/\/www.practeez.com\/produit\/participation-constellations-tarif-membre-co-workerie\/"},"modified":"2021-12-02T06:57:46","modified_gmt":"2021-12-02T06:57:46","slug":"participation-constellations-tarif-membre-co-workerie","status":"publish","type":"product","link":"https:\/\/www.practeez.com\/en\/produit\/participation-constellations-tarif-membre-co-workerie\/","title":{"rendered":"Participation Constellations &#8211; tarif membre Co-Workerie"},"content":{"rendered":"<p>R\u00e9serv\u00e9 aux membres de l&#8217;espace de travail partag\u00e9 de Morez (tous abonnements)<\/p>\n","protected":false},"excerpt":{"rendered":"<p>R\u00e9serv\u00e9 aux membres de l&#8217;espace de travail partag\u00e9 de Morez (tous abonnements)<\/p>\n","protected":false},"author":3,"featured_media":7606,"template":"","meta":{"_et_pb_use_builder":"","_et_pb_old_content":"","_et_gb_content_width":"","_monsterinsights_skip_tracking":false,"_monsterinsights_sitenote_active":false,"_monsterinsights_sitenote_note":"","_monsterinsights_sitenote_category":0},"product_brand":[],"product_cat":[],"product_tag":[],"class_list":{"0":"post-9571","1":"product","2":"type-product","3":"status-publish","4":"has-post-thumbnail","7":"first","8":"instock","9":"virtual","10":"taxable","11":"purchasable","12":"product-type-event_ticket"},"aioseo_notices":[],"_links":{"self":[{"href":"https:\/\/www.practeez.com\/en\/wp-json\/wp\/v2\/product\/9571","targetHints":{"allow":["GET"]}}],"collection":[{"href":"https:\/\/www.practeez.com\/en\/wp-json\/wp\/v2\/product"}],"about":[{"href":"https:\/\/www.practeez.com\/en\/wp-json\/wp\/v2\/types\/product"}],"author":[{"embeddable":true,"href":"https:\/\/www.practeez.com\/en\/wp-json\/wp\/v2\/users\/3"}],"wp:featuredmedia":[{"embeddable":true,"href":"https:\/\/www.practeez.com\/en\/wp-json\/wp\/v2\/media\/7606"}],"wp:attachment":[{"href":"https:\/\/www.practeez.com\/en\/wp-json\/wp\/v2\/media?parent=9571"}],"wp:term":[{"taxonomy":"product_brand","embeddable":true,"href":"https:\/\/www.practeez.com\/en\/wp-json\/wp\/v2\/product_brand?post=9571"},{"taxonomy":"product_cat","embeddable":true,"href":"https:\/\/www.practeez.com\/en\/wp-json\/wp\/v2\/product_cat?post=9571"},{"taxonomy":"product_tag","embeddable":true,"href":"https:\/\/www.practeez.com\/en\/wp-json\/wp\/v2\/product_tag?post=9571"}],"curies":[{"name":"wp","href":"https:\/\/api.w.org\/{rel}","templated":true}]}}