{"id":19643,"date":"2024-10-11T02:13:46","date_gmt":"2024-10-11T02:13:46","guid":{"rendered":"https:\/\/www.practeez.com\/preguntas-frecuentes-reles-oficiales\/"},"modified":"2024-10-11T02:13:46","modified_gmt":"2024-10-11T02:13:46","slug":"preguntas-frecuentes-reles-oficiales","status":"publish","type":"page","link":"https:\/\/www.practeez.com\/es\/preguntas-frecuentes-reles-oficiales\/","title":{"rendered":"Preguntas frecuentes Rel\u00e9s oficiales"},"content":{"rendered":"<p><b>\u00bfQu\u00e9 pr\u00e1cticas de marketing son posibles?<br \/>\n<\/b><\/p>\n<ul>\n<li aria-level=\"1\">Cada uno tiene la opci\u00f3n de utilizar y mostrar o no la noci\u00f3n de Operador Oficial de Relevo.<\/li>\n<li aria-level=\"1\">Ser coherente con los valores del Or\u00e1culo de la Vida Profesional: nada de spam ni de promoci\u00f3n agresiva<\/li>\n<li aria-level=\"1\">Te animamos encarecidamente a que hagas lo correcto, a que sigas tu impulso, a que retransmitas El Or\u00e1culo de la Vida Profesional del modo y con la frecuencia que te parezcan adecuados.<\/li>\n<li aria-level=\"1\">Es totalmente posible crear contenidos como testimonios, intercambio de experiencias, en forma de art\u00edculos o v\u00eddeos, publicados en tus propios canales y redes sociales.<\/li>\n<li aria-level=\"1\">Prohibici\u00f3n de la publicidad de pago en las redes sociales<\/li>\n<\/ul>\n<p>&nbsp;<\/p>\n<p><b>Material promocional  <\/b><\/p>\n<ul>\n<li aria-level=\"1\"><a href=\"https:\/\/drive.google.com\/drive\/u\/0\/folders\/1oOgFEBWwchKOL4l3kTFgDfS18h3C0JHl\" target=\"_blank\" rel=\"noopener\">Enlace a recursos<\/a> (visuales, textos, etc.)<\/li>\n<\/ul>\n<p>&nbsp;<\/p>\n<p><b>Remuneraci\u00f3n<\/b><\/p>\n<p>Las ventas se analizan trimestralmente.<\/p>\n<ul>\n<li>Antes del 30 de abril para las ventas de enero a marzo<\/li>\n<li>Antes del 30 de julio para las ventas de abril a junio<\/li>\n<li>Antes del 30 de octubre para las ventas de julio a septiembre<\/li>\n<li>Antes del 30 de enero para las ventas de octubre a diciembre<\/li>\n<\/ul>\n<p>&nbsp;<\/p>\n<p><strong>El Operador Oficial de Relevo puede optar por :<\/strong><\/p>\n<ul>\n<li aria-level=\"1\">Recibe un 15% sobre las ventas sin IVA del or\u00e1culo impreso<\/li>\n<li aria-level=\"1\">Dona tus comisiones al Or\u00e1culo de la Vida Profesional<\/li>\n<li aria-level=\"1\">*C\u00e1mbialo por eventos-talleres-conferencias-coaching-orientaci\u00f3n Practeez o por el Or\u00e1culo de la Vida Profesional. Con un incremento de valor del 10%. Por ejemplo, una comisi\u00f3n de 100 \u20ac se convierte en 110 \u20ac.  <\/li>\n<li aria-level=\"1\">D\u00f3nalo a una asociaci\u00f3n de apoyo a los pueblos de ra\u00edz o a la ecolog\u00eda. (Una de las dos asociaciones o la que t\u00fa elijas). <\/li>\n<li aria-level=\"1\">Combina una o varias de estas soluciones<\/li>\n<\/ul>\n<p>Si se realiza el pago, el afiliado debe poder emitir una factura. Oracle\/Practeez realizar\u00e1 entonces la transferencia. <\/p>\n<p>La cookie de afiliaci\u00f3n permanecer\u00e1 activa durante 60 d\u00edas despu\u00e9s de que un usuario haga clic en un enlace de afiliaci\u00f3n.<\/p>\n<p><strong>\u00bfC\u00f3mo puedo seguir el estado de mis comisiones?  <\/strong><br \/>\nAl registrarse, cada Operador de Relevo Oficial recibe un nombre de usuario y una contrase\u00f1a para acceder a su panel de control personal, lo que le permite hacer un seguimiento de sus ventas y comisiones en tiempo real.<\/p>\n<p><strong>\u00bfC\u00f3mo me registro como Operador Oficial de Relevos? <\/strong><br \/>\nHaz clic <a href=\"https:\/\/www.practeez.com\/es\/afiliacion\/\" target=\"_blank\" rel=\"noopener\">AQU\u00cd<\/a> para inscribirte como Operador Oficial de Relevos.<\/p>\n<p><strong>\u00bfC\u00f3mo me conecto a mi cuenta para ver mi panel de control? <\/strong><br \/>\nHaz clic <a href=\"https:\/\/www.practeez.com\/es\/inicio-de-sesion-de-afiliado-2\/\" target=\"_blank\" rel=\"noopener\">AQU\u00cd<\/a> para acceder a tu panel de control<\/p>\n","protected":false},"excerpt":{"rendered":"<p>\u00bfQu\u00e9 pr\u00e1cticas de marketing son posibles? Cada uno tiene la opci\u00f3n de utilizar y mostrar o no la noci\u00f3n de Operador Oficial de Relevo. Ser coherente con los valores del Or\u00e1culo de la Vida Profesional: nada de spam ni de promoci\u00f3n agresiva Te animamos encarecidamente a que hagas lo correcto, a que sigas tu impulso, [&hellip;]<\/p>\n","protected":false},"author":35,"featured_media":0,"parent":0,"menu_order":0,"comment_status":"closed","ping_status":"closed","template":"","meta":{"_et_pb_use_builder":"","_et_pb_old_content":"","_et_gb_content_width":"","_monsterinsights_skip_tracking":false,"_monsterinsights_sitenote_active":false,"_monsterinsights_sitenote_note":"","_monsterinsights_sitenote_category":0,"footnotes":""},"class_list":["post-19643","page","type-page","status-publish","hentry"],"aioseo_notices":[],"_links":{"self":[{"href":"https:\/\/www.practeez.com\/es\/wp-json\/wp\/v2\/pages\/19643","targetHints":{"allow":["GET"]}}],"collection":[{"href":"https:\/\/www.practeez.com\/es\/wp-json\/wp\/v2\/pages"}],"about":[{"href":"https:\/\/www.practeez.com\/es\/wp-json\/wp\/v2\/types\/page"}],"author":[{"embeddable":true,"href":"https:\/\/www.practeez.com\/es\/wp-json\/wp\/v2\/users\/35"}],"replies":[{"embeddable":true,"href":"https:\/\/www.practeez.com\/es\/wp-json\/wp\/v2\/comments?post=19643"}],"version-history":[{"count":0,"href":"https:\/\/www.practeez.com\/es\/wp-json\/wp\/v2\/pages\/19643\/revisions"}],"wp:attachment":[{"href":"https:\/\/www.practeez.com\/es\/wp-json\/wp\/v2\/media?parent=19643"}],"curies":[{"name":"wp","href":"https:\/\/api.w.org\/{rel}","templated":true}]}}