{"id":11836,"date":"2023-11-21T16:16:09","date_gmt":"2023-11-21T16:16:09","guid":{"rendered":"https:\/\/www.practeez.com\/produit\/offre-engagement-3-tirages-collectif-et-6-rdv-individuels\/"},"modified":"2024-01-18T08:25:43","modified_gmt":"2024-01-18T08:25:43","slug":"offre-engagement-3-tirages-collectif-et-6-rdv-individuels","status":"publish","type":"product","link":"https:\/\/www.practeez.com\/es\/produit\/offre-engagement-3-tirages-collectif-et-6-rdv-individuels\/","title":{"rendered":"Offre Engagement &#8211; 3 tirages collectif et 6 RDV individuels"},"content":{"rendered":"<p>Inclus :<br \/>\nacc\u00e8s \u00e0 3 session tirage collectif avec r\u00e9seautage, dur\u00e9e 1h30 via Zoom<br \/>\nacc\u00e8s \u00e0 6 rendez-vous de 45 minutes permettant  un tirages personnalis\u00e9<\/p>\n","protected":false},"excerpt":{"rendered":"<p>Inclus : acc\u00e8s \u00e0 3 session tirage collectif avec r\u00e9seautage, dur\u00e9e 1h30 via Zoom acc\u00e8s \u00e0 6 rendez-vous de 45 minutes permettant un tirages personnalis\u00e9<\/p>\n","protected":false},"author":3,"featured_media":11835,"template":"","meta":{"_et_pb_use_builder":"","_et_pb_old_content":"","_et_gb_content_width":"","_monsterinsights_skip_tracking":false,"_monsterinsights_sitenote_active":false,"_monsterinsights_sitenote_note":"","_monsterinsights_sitenote_category":0},"product_brand":[],"product_cat":[],"product_tag":[],"class_list":{"0":"post-11836","1":"product","2":"type-product","3":"status-publish","4":"has-post-thumbnail","7":"first","8":"instock","9":"virtual","10":"taxable","11":"purchasable","12":"product-type-event_ticket"},"aioseo_notices":[],"_links":{"self":[{"href":"https:\/\/www.practeez.com\/es\/wp-json\/wp\/v2\/product\/11836","targetHints":{"allow":["GET"]}}],"collection":[{"href":"https:\/\/www.practeez.com\/es\/wp-json\/wp\/v2\/product"}],"about":[{"href":"https:\/\/www.practeez.com\/es\/wp-json\/wp\/v2\/types\/product"}],"author":[{"embeddable":true,"href":"https:\/\/www.practeez.com\/es\/wp-json\/wp\/v2\/users\/3"}],"wp:featuredmedia":[{"embeddable":true,"href":"https:\/\/www.practeez.com\/es\/wp-json\/wp\/v2\/media\/11835"}],"wp:attachment":[{"href":"https:\/\/www.practeez.com\/es\/wp-json\/wp\/v2\/media?parent=11836"}],"wp:term":[{"taxonomy":"product_brand","embeddable":true,"href":"https:\/\/www.practeez.com\/es\/wp-json\/wp\/v2\/product_brand?post=11836"},{"taxonomy":"product_cat","embeddable":true,"href":"https:\/\/www.practeez.com\/es\/wp-json\/wp\/v2\/product_cat?post=11836"},{"taxonomy":"product_tag","embeddable":true,"href":"https:\/\/www.practeez.com\/es\/wp-json\/wp\/v2\/product_tag?post=11836"}],"curies":[{"name":"wp","href":"https:\/\/api.w.org\/{rel}","templated":true}]}}