{"id":12216,"date":"2024-03-22T11:12:23","date_gmt":"2024-03-22T11:12:23","guid":{"rendered":"https:\/\/www.practeez.com\/produit\/evolution-professionnelle-saider-de-lart-ca-minteresse-mais-a-une-autre-date\/"},"modified":"2026-04-12T13:07:24","modified_gmt":"2026-04-12T13:07:24","slug":"evolution-professionnelle-saider-de-lart-ca-minteresse-mais-a-une-autre-date","status":"publish","type":"product","link":"https:\/\/www.practeez.com\/es\/produit\/evolution-professionnelle-saider-de-lart-ca-minteresse-mais-a-une-autre-date\/","title":{"rendered":"\u00c9volution professionnelle &#8211; s&#8217;aider de l&#8217;art &#8211; Ca m&#8217;int\u00e9resse mais \u00e0 une autre date"},"content":{"rendered":"","protected":false},"excerpt":{"rendered":"","protected":false},"author":3,"featured_media":9973,"template":"","meta":{"_et_pb_use_builder":"","_et_pb_old_content":"","_et_gb_content_width":"","_monsterinsights_skip_tracking":false,"_monsterinsights_sitenote_active":false,"_monsterinsights_sitenote_note":"","_monsterinsights_sitenote_category":0},"product_brand":[],"product_cat":[],"product_tag":[],"class_list":{"0":"post-12216","1":"product","2":"type-product","3":"status-publish","4":"has-post-thumbnail","7":"first","8":"instock","9":"virtual","10":"taxable","11":"purchasable","12":"product-type-event_ticket"},"aioseo_notices":[],"_links":{"self":[{"href":"https:\/\/www.practeez.com\/es\/wp-json\/wp\/v2\/product\/12216","targetHints":{"allow":["GET"]}}],"collection":[{"href":"https:\/\/www.practeez.com\/es\/wp-json\/wp\/v2\/product"}],"about":[{"href":"https:\/\/www.practeez.com\/es\/wp-json\/wp\/v2\/types\/product"}],"author":[{"embeddable":true,"href":"https:\/\/www.practeez.com\/es\/wp-json\/wp\/v2\/users\/3"}],"wp:featuredmedia":[{"embeddable":true,"href":"https:\/\/www.practeez.com\/es\/wp-json\/wp\/v2\/media\/9973"}],"wp:attachment":[{"href":"https:\/\/www.practeez.com\/es\/wp-json\/wp\/v2\/media?parent=12216"}],"wp:term":[{"taxonomy":"product_brand","embeddable":true,"href":"https:\/\/www.practeez.com\/es\/wp-json\/wp\/v2\/product_brand?post=12216"},{"taxonomy":"product_cat","embeddable":true,"href":"https:\/\/www.practeez.com\/es\/wp-json\/wp\/v2\/product_cat?post=12216"},{"taxonomy":"product_tag","embeddable":true,"href":"https:\/\/www.practeez.com\/es\/wp-json\/wp\/v2\/product_tag?post=12216"}],"curies":[{"name":"wp","href":"https:\/\/api.w.org\/{rel}","templated":true}]}}