{"id":1339,"date":"2020-03-08T16:41:23","date_gmt":"2020-03-08T16:41:23","guid":{"rendered":"http:\/\/www.leva5050.odns.fr\/produit\/participation-introduction-a-la-pnl\/"},"modified":"2023-01-31T14:06:47","modified_gmt":"2023-01-31T14:06:47","slug":"participation-introduction-a-la-pnl","status":"publish","type":"product","link":"https:\/\/www.practeez.com\/es\/produit\/participation-introduction-a-la-pnl\/","title":{"rendered":"Participation &#8211; Introduction \u00e0 la PNL"},"content":{"rendered":"<p>Participation \u00e0 la session en ligne et acc\u00e8s \u00e0 la communaut\u00e9<\/p>\n","protected":false},"excerpt":{"rendered":"<p>Participation \u00e0 la session en ligne et acc\u00e8s \u00e0 la communaut\u00e9<\/p>\n","protected":false},"author":3,"featured_media":2677,"template":"","meta":{"_et_pb_use_builder":"","_et_pb_old_content":"","_et_gb_content_width":"","_monsterinsights_skip_tracking":false,"_monsterinsights_sitenote_active":false,"_monsterinsights_sitenote_note":"","_monsterinsights_sitenote_category":0},"product_brand":[],"product_cat":[],"product_tag":[],"class_list":{"0":"post-1339","1":"product","2":"type-product","3":"status-publish","4":"has-post-thumbnail","7":"first","8":"instock","9":"virtual","10":"taxable","11":"purchasable","12":"product-type-event_ticket"},"aioseo_notices":[],"_links":{"self":[{"href":"https:\/\/www.practeez.com\/es\/wp-json\/wp\/v2\/product\/1339","targetHints":{"allow":["GET"]}}],"collection":[{"href":"https:\/\/www.practeez.com\/es\/wp-json\/wp\/v2\/product"}],"about":[{"href":"https:\/\/www.practeez.com\/es\/wp-json\/wp\/v2\/types\/product"}],"author":[{"embeddable":true,"href":"https:\/\/www.practeez.com\/es\/wp-json\/wp\/v2\/users\/3"}],"wp:featuredmedia":[{"embeddable":true,"href":"https:\/\/www.practeez.com\/es\/wp-json\/wp\/v2\/media\/2677"}],"wp:attachment":[{"href":"https:\/\/www.practeez.com\/es\/wp-json\/wp\/v2\/media?parent=1339"}],"wp:term":[{"taxonomy":"product_brand","embeddable":true,"href":"https:\/\/www.practeez.com\/es\/wp-json\/wp\/v2\/product_brand?post=1339"},{"taxonomy":"product_cat","embeddable":true,"href":"https:\/\/www.practeez.com\/es\/wp-json\/wp\/v2\/product_cat?post=1339"},{"taxonomy":"product_tag","embeddable":true,"href":"https:\/\/www.practeez.com\/es\/wp-json\/wp\/v2\/product_tag?post=1339"}],"curies":[{"name":"wp","href":"https:\/\/api.w.org\/{rel}","templated":true}]}}