{"id":15022,"date":"2024-12-06T06:35:47","date_gmt":"2024-12-06T06:35:47","guid":{"rendered":"https:\/\/www.practeez.com\/?post_type=product&#038;p=15022"},"modified":"2024-12-06T06:35:47","modified_gmt":"2024-12-06T06:35:47","slug":"constellation-systemique-des-4-archetypes-visionnaire-guerrier-guerisseur-et-sage","status":"publish","type":"product","link":"https:\/\/www.practeez.com\/es\/produit\/constellation-systemique-des-4-archetypes-visionnaire-guerrier-guerisseur-et-sage\/","title":{"rendered":"Constellation syst\u00e9mique des 4 arch\u00e9types : visionnaire, guerrier, gu\u00e9risseur et sage"},"content":{"rendered":"<p>Les 4 arch\u00e9types sont pr\u00e9sents en nous et peuvent nous soutenir dans toutes les situations de la vie courante, dans les d\u00e9cisions importantes ou pour nous \u00e9clairer sur notre vie.<\/p>\n<p>Ils peuvent nous donner des indications sur nos forces \u00e0 activer et ombres \u00e0 conscientiser.<\/p>\n<ul>\n<li><strong>Visionnaire <\/strong>\n<ul>\n<li>Associ\u00e9 \u00e0 l\u2019est, au printemps<\/li>\n<li><strong>Qualit\u00e9s<\/strong> : Inspiration, identification des talents, ouverture aux possibles.<\/li>\n<li><strong>Usage professionnel<\/strong> : Si vous vous sentez perdu dans votre travail ou incertain de votre place, le Visionnaire peut vous aider \u00e0 red\u00e9finir votre destination professionnelle et \u00e0 clarifier vos objectifs.<\/li>\n<\/ul>\n<\/li>\n<li><strong>Guerrier <\/strong>\n<ul>\n<li>Associ\u00e9 au sud, \u00e0 l\u2019\u00e9t\u00e9<\/li>\n<li><strong>Qualit\u00e9s<\/strong> : Action, mise en place, dynamisme.<\/li>\n<li><strong>Usage professionnel<\/strong> : Lorsque vous avez besoin d&#8217;\u00e9nergie pour avancer dans vos projets et passer \u00e0 l&#8217;action, c&#8217;est le moment d&#8217;appeler le Guerrier pour canaliser votre force.<\/li>\n<\/ul>\n<\/li>\n<\/ul>\n<ul>\n<li><strong>Gu\u00e9risseur <\/strong>\n<ul>\n<li>Associ\u00e9 \u00e0 l\u2019ouest, \u00e0 l\u2019automne<\/li>\n<li><strong>Qualit\u00e9s<\/strong> : R\u00e9colte, adaptation, soin.<\/li>\n<li><strong>Usage professionnel<\/strong> : Si vous \u00eates dispers\u00e9 par de multiples activit\u00e9s, le Gu\u00e9risseur vous aidera \u00e0 recentrer votre \u00e9nergie et \u00e0 vous concentrer sur la r\u00e9colte de ce que vous avez sem\u00e9.<\/li>\n<\/ul>\n<\/li>\n<\/ul>\n<ul>\n<li><strong>Sage <\/strong>\n<ul>\n<li>Associ\u00e9 au nord, \u00e0 l\u2019hiver<\/li>\n<li><strong>Qualit\u00e9s<\/strong> : Int\u00e9riorit\u00e9, gardien des savoirs.<\/li>\n<li><strong>Usage professionnel<\/strong> : Faire appel au Sage est particuli\u00e8rement utile lorsque vous devez accepter le vide ou faire le tri avant de semer de nouvelles graines, comme dans les p\u00e9riodes de ralentissement de votre activit\u00e9 professionnelle.<\/li>\n<\/ul>\n<\/li>\n<\/ul>\n<p>&nbsp;<\/p>\n<p>Explorez les messages de chacun au travers une session individuelle de constellation syst\u00e9mique facilit\u00e9e par <a href=\"https:\/\/www.practeez.com\/event-organizer\/valdie-legrand\/\" target=\"_blank\" rel=\"noopener\">Valdie Legrand<\/a>.<\/p>\n<p>Modalit\u00e9s:<\/p>\n<ul>\n<li>Zoom<\/li>\n<li>Session individuelle<\/li>\n<li>Dur\u00e9e 1h30 environ<\/li>\n<li>Passez commande et nous vous contacterons pour d\u00e9finir le cr\u00e9neau horaire qui vous convient<\/li>\n<\/ul>\n","protected":false},"excerpt":{"rendered":"<p>Les 4 arch\u00e9types sont pr\u00e9sents en nous et peuvent nous soutenir dans toutes les situations de la vie courante, dans les d\u00e9cisions importantes ou pour nous \u00e9clairer sur notre vie. Ils peuvent nous donner des indications sur nos forces \u00e0 activer et ombres \u00e0 conscientiser. Visionnaire Associ\u00e9 \u00e0 l\u2019est, au printemps Qualit\u00e9s : Inspiration, identification [&hellip;]<\/p>\n","protected":false},"author":3,"featured_media":12634,"template":"","meta":{"_et_pb_use_builder":"","_et_pb_old_content":"","_et_gb_content_width":"","_monsterinsights_skip_tracking":false,"_monsterinsights_sitenote_active":false,"_monsterinsights_sitenote_note":"","_monsterinsights_sitenote_category":0},"product_brand":[],"product_cat":[27],"product_tag":[],"class_list":{"0":"post-15022","1":"product","2":"type-product","3":"status-publish","4":"has-post-thumbnail","6":"product_cat-non-classe","8":"first","9":"instock","10":"virtual","11":"taxable","12":"purchasable","13":"product-type-simple"},"aioseo_notices":[],"_links":{"self":[{"href":"https:\/\/www.practeez.com\/es\/wp-json\/wp\/v2\/product\/15022","targetHints":{"allow":["GET"]}}],"collection":[{"href":"https:\/\/www.practeez.com\/es\/wp-json\/wp\/v2\/product"}],"about":[{"href":"https:\/\/www.practeez.com\/es\/wp-json\/wp\/v2\/types\/product"}],"author":[{"embeddable":true,"href":"https:\/\/www.practeez.com\/es\/wp-json\/wp\/v2\/users\/3"}],"wp:featuredmedia":[{"embeddable":true,"href":"https:\/\/www.practeez.com\/es\/wp-json\/wp\/v2\/media\/12634"}],"wp:attachment":[{"href":"https:\/\/www.practeez.com\/es\/wp-json\/wp\/v2\/media?parent=15022"}],"wp:term":[{"taxonomy":"product_brand","embeddable":true,"href":"https:\/\/www.practeez.com\/es\/wp-json\/wp\/v2\/product_brand?post=15022"},{"taxonomy":"product_cat","embeddable":true,"href":"https:\/\/www.practeez.com\/es\/wp-json\/wp\/v2\/product_cat?post=15022"},{"taxonomy":"product_tag","embeddable":true,"href":"https:\/\/www.practeez.com\/es\/wp-json\/wp\/v2\/product_tag?post=15022"}],"curies":[{"name":"wp","href":"https:\/\/api.w.org\/{rel}","templated":true}]}}