{"id":15063,"date":"2024-12-22T08:35:30","date_gmt":"2024-12-22T08:35:30","guid":{"rendered":"https:\/\/www.practeez.com\/?post_type=product&#038;p=15063"},"modified":"2024-12-22T08:55:30","modified_gmt":"2024-12-22T08:55:30","slug":"coffret-de-loracle-de-la-vie-professionnelle-pour-envois-canada","status":"publish","type":"product","link":"https:\/\/www.practeez.com\/es\/produit\/coffret-de-loracle-de-la-vie-professionnelle-pour-envois-canada\/","title":{"rendered":"Coffret de L&#8217;Oracle de la Vie Professionnelle &#8211; pour envois Canada"},"content":{"rendered":"<p>Les envois pour le Canada sont automatiquement sans le coffret mais dans un sachet en tissu. Pour recevoir les cartes dans leur coffret il suffit de passer commande en l&#8217;ajoutant au panier.<\/p>\n<p>Inclus : Coffret et frais de ports.<\/p>\n<p>Les cartes command\u00e9es seront bien entendues int\u00e9gr\u00e9es dans ce coffret pour une livraison de l&#8217;ensemble.<\/p>\n","protected":false},"excerpt":{"rendered":"<p><img fetchpriority=\"high\" decoding=\"async\" class=\"alignnone size-large wp-image-14828\" src=\"https:\/\/www.practeez.com\/wp-content\/uploads\/2024\/11\/WhatsApp-Image-2024-11-17-at-16.49.30-1024x768.jpeg\" alt=\"\" width=\"1024\" height=\"768\" srcset=\"https:\/\/www.practeez.com\/wp-content\/uploads\/2024\/11\/WhatsApp-Image-2024-11-17-at-16.49.30-980x735.jpeg 980w, https:\/\/www.practeez.com\/wp-content\/uploads\/2024\/11\/WhatsApp-Image-2024-11-17-at-16.49.30-480x360.jpeg 480w\" sizes=\"(min-width: 0px) and (max-width: 480px) 480px, (min-width: 481px) and (max-width: 980px) 980px, (min-width: 981px) 1024px, 100vw\" \/> <img decoding=\"async\" class=\"alignnone size-large wp-image-15064\" src=\"https:\/\/www.practeez.com\/wp-content\/uploads\/2024\/12\/Coffret-de-LOracle-de-la-Vie-Professionnelle-768x1024.jpeg\" alt=\"\" width=\"768\" height=\"1024\" \/><\/p>\n","protected":false},"author":3,"featured_media":15064,"template":"","meta":{"_et_pb_use_builder":"","_et_pb_old_content":"","_et_gb_content_width":"","_monsterinsights_skip_tracking":false,"_monsterinsights_sitenote_active":false,"_monsterinsights_sitenote_note":"","_monsterinsights_sitenote_category":0},"product_brand":[],"product_cat":[27],"product_tag":[],"class_list":{"0":"post-15063","1":"product","2":"type-product","3":"status-publish","4":"has-post-thumbnail","6":"product_cat-non-classe","8":"first","9":"instock","10":"virtual","11":"taxable","12":"purchasable","13":"product-type-simple"},"aioseo_notices":[],"_links":{"self":[{"href":"https:\/\/www.practeez.com\/es\/wp-json\/wp\/v2\/product\/15063","targetHints":{"allow":["GET"]}}],"collection":[{"href":"https:\/\/www.practeez.com\/es\/wp-json\/wp\/v2\/product"}],"about":[{"href":"https:\/\/www.practeez.com\/es\/wp-json\/wp\/v2\/types\/product"}],"author":[{"embeddable":true,"href":"https:\/\/www.practeez.com\/es\/wp-json\/wp\/v2\/users\/3"}],"wp:featuredmedia":[{"embeddable":true,"href":"https:\/\/www.practeez.com\/es\/wp-json\/wp\/v2\/media\/15064"}],"wp:attachment":[{"href":"https:\/\/www.practeez.com\/es\/wp-json\/wp\/v2\/media?parent=15063"}],"wp:term":[{"taxonomy":"product_brand","embeddable":true,"href":"https:\/\/www.practeez.com\/es\/wp-json\/wp\/v2\/product_brand?post=15063"},{"taxonomy":"product_cat","embeddable":true,"href":"https:\/\/www.practeez.com\/es\/wp-json\/wp\/v2\/product_cat?post=15063"},{"taxonomy":"product_tag","embeddable":true,"href":"https:\/\/www.practeez.com\/es\/wp-json\/wp\/v2\/product_tag?post=15063"}],"curies":[{"name":"wp","href":"https:\/\/api.w.org\/{rel}","templated":true}]}}