{"id":1510,"date":"2020-03-18T08:53:05","date_gmt":"2020-03-18T08:53:05","guid":{"rendered":"https:\/\/www.practeez.com\/produit\/participation-manager-son-equipe-a-distance\/"},"modified":"2024-03-24T14:14:55","modified_gmt":"2024-03-24T14:14:55","slug":"participation-manager-son-equipe-a-distance","status":"publish","type":"product","link":"https:\/\/www.practeez.com\/es\/produit\/participation-manager-son-equipe-a-distance\/","title":{"rendered":"Participation \u2013 Manager \u00e0 distance selon les styles de personnalit\u00e9"},"content":{"rendered":"<p>    Participation \u00e0 la session en ligne et acc\u00e8s \u00e0 la communaut\u00e9<\/p>\n","protected":false},"excerpt":{"rendered":"<p>Participation \u00e0 la session en ligne et acc\u00e8s \u00e0 la communaut\u00e9<\/p>\n","protected":false},"author":3,"featured_media":2695,"template":"","meta":{"_et_pb_use_builder":"","_et_pb_old_content":"","_et_gb_content_width":"","_monsterinsights_skip_tracking":false,"_monsterinsights_sitenote_active":false,"_monsterinsights_sitenote_note":"","_monsterinsights_sitenote_category":0},"product_brand":[],"product_cat":[27],"product_tag":[],"class_list":{"0":"post-1510","1":"product","2":"type-product","3":"status-publish","4":"has-post-thumbnail","6":"product_cat-non-classe","8":"first","9":"instock","10":"virtual","11":"taxable","12":"purchasable","13":"product-type-event_ticket"},"aioseo_notices":[],"_links":{"self":[{"href":"https:\/\/www.practeez.com\/es\/wp-json\/wp\/v2\/product\/1510","targetHints":{"allow":["GET"]}}],"collection":[{"href":"https:\/\/www.practeez.com\/es\/wp-json\/wp\/v2\/product"}],"about":[{"href":"https:\/\/www.practeez.com\/es\/wp-json\/wp\/v2\/types\/product"}],"author":[{"embeddable":true,"href":"https:\/\/www.practeez.com\/es\/wp-json\/wp\/v2\/users\/3"}],"wp:featuredmedia":[{"embeddable":true,"href":"https:\/\/www.practeez.com\/es\/wp-json\/wp\/v2\/media\/2695"}],"wp:attachment":[{"href":"https:\/\/www.practeez.com\/es\/wp-json\/wp\/v2\/media?parent=1510"}],"wp:term":[{"taxonomy":"product_brand","embeddable":true,"href":"https:\/\/www.practeez.com\/es\/wp-json\/wp\/v2\/product_brand?post=1510"},{"taxonomy":"product_cat","embeddable":true,"href":"https:\/\/www.practeez.com\/es\/wp-json\/wp\/v2\/product_cat?post=1510"},{"taxonomy":"product_tag","embeddable":true,"href":"https:\/\/www.practeez.com\/es\/wp-json\/wp\/v2\/product_tag?post=1510"}],"curies":[{"name":"wp","href":"https:\/\/api.w.org\/{rel}","templated":true}]}}