{"id":15206,"date":"2025-02-19T09:18:58","date_gmt":"2025-02-19T09:18:58","guid":{"rendered":"https:\/\/www.practeez.com\/?post_type=product&#038;p=15206"},"modified":"2025-02-19T09:18:58","modified_gmt":"2025-02-19T09:18:58","slug":"oraculo-de-la-vida-profesional-50-cartas-impresas-en-espanol","status":"publish","type":"product","link":"https:\/\/www.practeez.com\/es\/produit\/oraculo-de-la-vida-profesional-50-cartas-impresas-en-espanol\/","title":{"rendered":"Or\u00e1culo de la vida profesional &#8211; 50 cartas impresas en espa\u00f1ol"},"content":{"rendered":"<p>50 cartas impresas en espa\u00f1ol<\/p>\n<p>Un mini manual de instrucciones, una caja<\/p>\n<p>Disponibilidad estimada para noviembre de 2025<\/p>\n","protected":false},"excerpt":{"rendered":"<p>50 cartas impresas en espa\u00f1ol<\/p>\n<p>Un mini manual de instrucciones, una caja<\/p>\n<p>Disponibilidad estimada para noviembre de 2025<\/p>\n<p><img fetchpriority=\"high\" decoding=\"async\" class=\"alignnone size-large wp-image-14839\" src=\"https:\/\/www.practeez.com\/wp-content\/uploads\/2024\/11\/WhatsApp-Image-2024-11-17-at-16.51.151-1024x768.jpeg\" alt=\"\" width=\"1024\" height=\"768\" srcset=\"https:\/\/www.practeez.com\/wp-content\/uploads\/2024\/11\/WhatsApp-Image-2024-11-17-at-16.51.151-980x735.jpeg 980w, https:\/\/www.practeez.com\/wp-content\/uploads\/2024\/11\/WhatsApp-Image-2024-11-17-at-16.51.151-480x360.jpeg 480w\" sizes=\"(min-width: 0px) and (max-width: 480px) 480px, (min-width: 481px) and (max-width: 980px) 980px, (min-width: 981px) 1024px, 100vw\" \/><\/p>\n","protected":false},"author":3,"featured_media":14839,"template":"","meta":{"_et_pb_use_builder":"","_et_pb_old_content":"","_et_gb_content_width":"","_monsterinsights_skip_tracking":false,"_monsterinsights_sitenote_active":false,"_monsterinsights_sitenote_note":"","_monsterinsights_sitenote_category":0},"product_brand":[],"product_cat":[27],"product_tag":[],"class_list":{"0":"post-15206","1":"product","2":"type-product","3":"status-publish","4":"has-post-thumbnail","6":"product_cat-non-classe","8":"first","9":"onbackorder","10":"taxable","11":"shipping-taxable","12":"purchasable","13":"product-type-simple"},"aioseo_notices":[],"_links":{"self":[{"href":"https:\/\/www.practeez.com\/es\/wp-json\/wp\/v2\/product\/15206","targetHints":{"allow":["GET"]}}],"collection":[{"href":"https:\/\/www.practeez.com\/es\/wp-json\/wp\/v2\/product"}],"about":[{"href":"https:\/\/www.practeez.com\/es\/wp-json\/wp\/v2\/types\/product"}],"author":[{"embeddable":true,"href":"https:\/\/www.practeez.com\/es\/wp-json\/wp\/v2\/users\/3"}],"wp:featuredmedia":[{"embeddable":true,"href":"https:\/\/www.practeez.com\/es\/wp-json\/wp\/v2\/media\/14839"}],"wp:attachment":[{"href":"https:\/\/www.practeez.com\/es\/wp-json\/wp\/v2\/media?parent=15206"}],"wp:term":[{"taxonomy":"product_brand","embeddable":true,"href":"https:\/\/www.practeez.com\/es\/wp-json\/wp\/v2\/product_brand?post=15206"},{"taxonomy":"product_cat","embeddable":true,"href":"https:\/\/www.practeez.com\/es\/wp-json\/wp\/v2\/product_cat?post=15206"},{"taxonomy":"product_tag","embeddable":true,"href":"https:\/\/www.practeez.com\/es\/wp-json\/wp\/v2\/product_tag?post=15206"}],"curies":[{"name":"wp","href":"https:\/\/api.w.org\/{rel}","templated":true}]}}