{"id":1642,"date":"2020-03-21T16:51:53","date_gmt":"2020-03-21T16:51:53","guid":{"rendered":"https:\/\/www.practeez.com\/produit\/participation-les-situations-de-crises-comme-carburant-dharmonie-interieure-2\/"},"modified":"2021-08-25T08:43:18","modified_gmt":"2021-08-25T08:43:18","slug":"participation-les-situations-de-crises-comme-carburant-dharmonie-interieure-2","status":"publish","type":"product","link":"https:\/\/www.practeez.com\/es\/produit\/participation-les-situations-de-crises-comme-carburant-dharmonie-interieure-2\/","title":{"rendered":"Participation \u2013 Les situations de crises comme carburant d\u2019harmonie int\u00e9rieure &#8211; paiement pleine conscience"},"content":{"rendered":"<p>Participation \u00e0 la session en ligne <\/p>\n<p>Le prix du web atelier est de 5\u20ac par personne pour les frais fixes lors de l\u2019inscription et en paiement libre pour nos r\u00e9mun\u00e9rations.<\/p>\n<p>C\u2019est seulement 24h apr\u00e8s avoir profit\u00e9 de la formation que vous fixez vous-m\u00eame le prix en fonction de la valeur ajout\u00e9e que vous estimez avoir re\u00e7ue. Pas de minimum, pas de maximum !<\/p>\n","protected":false},"excerpt":{"rendered":"<p>Participation \u00e0 la session en ligne Le prix du web atelier est de 5\u20ac par personne pour les frais fixes lors de l\u2019inscription et en paiement libre pour nos r\u00e9mun\u00e9rations. C\u2019est seulement 24h apr\u00e8s avoir profit\u00e9 de la formation que vous fixez vous-m\u00eame le prix en fonction de la valeur ajout\u00e9e que vous estimez avoir [&hellip;]<\/p>\n","protected":false},"author":3,"featured_media":4202,"template":"","meta":{"_et_pb_use_builder":"","_et_pb_old_content":"","_et_gb_content_width":"","_monsterinsights_skip_tracking":false,"_monsterinsights_sitenote_active":false,"_monsterinsights_sitenote_note":"","_monsterinsights_sitenote_category":0},"product_brand":[],"product_cat":[27],"product_tag":[],"class_list":{"0":"post-1642","1":"product","2":"type-product","3":"status-publish","4":"has-post-thumbnail","6":"product_cat-non-classe","8":"first","9":"instock","10":"virtual","11":"taxable","12":"purchasable","13":"product-type-event_ticket"},"aioseo_notices":[],"_links":{"self":[{"href":"https:\/\/www.practeez.com\/es\/wp-json\/wp\/v2\/product\/1642","targetHints":{"allow":["GET"]}}],"collection":[{"href":"https:\/\/www.practeez.com\/es\/wp-json\/wp\/v2\/product"}],"about":[{"href":"https:\/\/www.practeez.com\/es\/wp-json\/wp\/v2\/types\/product"}],"author":[{"embeddable":true,"href":"https:\/\/www.practeez.com\/es\/wp-json\/wp\/v2\/users\/3"}],"wp:featuredmedia":[{"embeddable":true,"href":"https:\/\/www.practeez.com\/es\/wp-json\/wp\/v2\/media\/4202"}],"wp:attachment":[{"href":"https:\/\/www.practeez.com\/es\/wp-json\/wp\/v2\/media?parent=1642"}],"wp:term":[{"taxonomy":"product_brand","embeddable":true,"href":"https:\/\/www.practeez.com\/es\/wp-json\/wp\/v2\/product_brand?post=1642"},{"taxonomy":"product_cat","embeddable":true,"href":"https:\/\/www.practeez.com\/es\/wp-json\/wp\/v2\/product_cat?post=1642"},{"taxonomy":"product_tag","embeddable":true,"href":"https:\/\/www.practeez.com\/es\/wp-json\/wp\/v2\/product_tag?post=1642"}],"curies":[{"name":"wp","href":"https:\/\/api.w.org\/{rel}","templated":true}]}}