{"id":1908,"date":"2020-03-31T10:27:45","date_gmt":"2020-03-31T10:27:45","guid":{"rendered":"https:\/\/www.practeez.com\/produit\/participation-a-la-session-en-ligne-ameliorez-vos-reunions-a-distance\/"},"modified":"2020-03-31T16:12:22","modified_gmt":"2020-03-31T16:12:22","slug":"participation-a-la-session-en-ligne-ameliorez-vos-reunions-a-distance","status":"publish","type":"product","link":"https:\/\/www.practeez.com\/es\/produit\/participation-a-la-session-en-ligne-ameliorez-vos-reunions-a-distance\/","title":{"rendered":"Participation \u00e0 la session en ligne &#8211; Am\u00e9liorez vos r\u00e9unions \u00e0 distance"},"content":{"rendered":"<p>Participation \u00e0 la session en ligne <\/p>\n","protected":false},"excerpt":{"rendered":"<p>Participation \u00e0 la session en ligne<\/p>\n","protected":false},"author":3,"featured_media":0,"template":"","meta":{"_et_pb_use_builder":"","_et_pb_old_content":"","_et_gb_content_width":"","_monsterinsights_skip_tracking":false,"_monsterinsights_sitenote_active":false,"_monsterinsights_sitenote_note":"","_monsterinsights_sitenote_category":0},"product_brand":[],"product_cat":[],"product_tag":[],"class_list":{"0":"post-1908","1":"product","2":"type-product","3":"status-publish","6":"first","7":"instock","8":"virtual","9":"taxable","10":"purchasable","11":"product-type-event_ticket"},"aioseo_notices":[],"_links":{"self":[{"href":"https:\/\/www.practeez.com\/es\/wp-json\/wp\/v2\/product\/1908","targetHints":{"allow":["GET"]}}],"collection":[{"href":"https:\/\/www.practeez.com\/es\/wp-json\/wp\/v2\/product"}],"about":[{"href":"https:\/\/www.practeez.com\/es\/wp-json\/wp\/v2\/types\/product"}],"author":[{"embeddable":true,"href":"https:\/\/www.practeez.com\/es\/wp-json\/wp\/v2\/users\/3"}],"wp:attachment":[{"href":"https:\/\/www.practeez.com\/es\/wp-json\/wp\/v2\/media?parent=1908"}],"wp:term":[{"taxonomy":"product_brand","embeddable":true,"href":"https:\/\/www.practeez.com\/es\/wp-json\/wp\/v2\/product_brand?post=1908"},{"taxonomy":"product_cat","embeddable":true,"href":"https:\/\/www.practeez.com\/es\/wp-json\/wp\/v2\/product_cat?post=1908"},{"taxonomy":"product_tag","embeddable":true,"href":"https:\/\/www.practeez.com\/es\/wp-json\/wp\/v2\/product_tag?post=1908"}],"curies":[{"name":"wp","href":"https:\/\/api.w.org\/{rel}","templated":true}]}}