{"id":2121,"date":"2020-04-14T08:23:25","date_gmt":"2020-04-14T08:23:25","guid":{"rendered":"https:\/\/www.practeez.com\/produit\/participation-reunions-a-distance-21-avril-4\/"},"modified":"2020-04-21T09:44:57","modified_gmt":"2020-04-21T09:44:57","slug":"participation-reunions-a-distance-21-avril-4","status":"publish","type":"product","link":"https:\/\/www.practeez.com\/es\/produit\/participation-reunions-a-distance-21-avril-4\/","title":{"rendered":"Participation &#8211; R\u00e9unions \u00e0 distance &#8211; 21 avril"},"content":{"rendered":"<p>Participation \u00e0 la session en ligne<\/p>\n","protected":false},"excerpt":{"rendered":"<p>Participation \u00e0 la session en ligne<\/p>\n","protected":false},"author":3,"featured_media":2186,"template":"","meta":{"_et_pb_use_builder":"","_et_pb_old_content":"","_et_gb_content_width":"","_monsterinsights_skip_tracking":false,"_monsterinsights_sitenote_active":false,"_monsterinsights_sitenote_note":"","_monsterinsights_sitenote_category":0},"product_brand":[],"product_cat":[],"product_tag":[],"class_list":{"0":"post-2121","1":"product","2":"type-product","3":"status-publish","4":"has-post-thumbnail","7":"first","8":"instock","9":"virtual","10":"taxable","11":"purchasable","12":"product-type-event_ticket"},"aioseo_notices":[],"_links":{"self":[{"href":"https:\/\/www.practeez.com\/es\/wp-json\/wp\/v2\/product\/2121","targetHints":{"allow":["GET"]}}],"collection":[{"href":"https:\/\/www.practeez.com\/es\/wp-json\/wp\/v2\/product"}],"about":[{"href":"https:\/\/www.practeez.com\/es\/wp-json\/wp\/v2\/types\/product"}],"author":[{"embeddable":true,"href":"https:\/\/www.practeez.com\/es\/wp-json\/wp\/v2\/users\/3"}],"wp:featuredmedia":[{"embeddable":true,"href":"https:\/\/www.practeez.com\/es\/wp-json\/wp\/v2\/media\/2186"}],"wp:attachment":[{"href":"https:\/\/www.practeez.com\/es\/wp-json\/wp\/v2\/media?parent=2121"}],"wp:term":[{"taxonomy":"product_brand","embeddable":true,"href":"https:\/\/www.practeez.com\/es\/wp-json\/wp\/v2\/product_brand?post=2121"},{"taxonomy":"product_cat","embeddable":true,"href":"https:\/\/www.practeez.com\/es\/wp-json\/wp\/v2\/product_cat?post=2121"},{"taxonomy":"product_tag","embeddable":true,"href":"https:\/\/www.practeez.com\/es\/wp-json\/wp\/v2\/product_tag?post=2121"}],"curies":[{"name":"wp","href":"https:\/\/api.w.org\/{rel}","templated":true}]}}