{"id":3116,"date":"2021-02-09T09:10:31","date_gmt":"2021-02-09T09:10:31","guid":{"rendered":"https:\/\/www.practeez.com\/produit\/participation-reunions-efficientes-25-mars-2021\/"},"modified":"2021-11-16T04:48:46","modified_gmt":"2021-11-16T04:48:46","slug":"participation-reunions-efficientes-25-mars-2021","status":"publish","type":"product","link":"https:\/\/www.practeez.com\/es\/produit\/participation-reunions-efficientes-25-mars-2021\/","title":{"rendered":"Participation &#8211; R\u00e9unions efficientes"},"content":{"rendered":"<p>Le prix du web atelier est de 10\u20ac par personne pour les frais fixes lors de l\u2019inscription et en paiement libre pour nos r\u00e9mun\u00e9rations.<\/p>\n<p>C\u2019est seulement 24h apr\u00e8s avoir profit\u00e9 de la formation que vous fixez vous-m\u00eame le prix en fonction de la valeur ajout\u00e9e que vous estimez avoir re\u00e7ue. Pas de minimum, pas de maximum !<\/p>\n","protected":false},"excerpt":{"rendered":"<p>Le prix du web atelier est de 10\u20ac par personne pour les frais fixes lors de l\u2019inscription et en paiement libre pour nos r\u00e9mun\u00e9rations. C\u2019est seulement 24h apr\u00e8s avoir profit\u00e9 de la formation que vous fixez vous-m\u00eame le prix en fonction de la valeur ajout\u00e9e que vous estimez avoir re\u00e7ue. Pas de minimum, pas de [&hellip;]<\/p>\n","protected":false},"author":3,"featured_media":1494,"template":"","meta":{"_et_pb_use_builder":"","_et_pb_old_content":"","_et_gb_content_width":"","_monsterinsights_skip_tracking":false,"_monsterinsights_sitenote_active":false,"_monsterinsights_sitenote_note":"","_monsterinsights_sitenote_category":0},"product_brand":[],"product_cat":[],"product_tag":[],"class_list":{"0":"post-3116","1":"product","2":"type-product","3":"status-publish","4":"has-post-thumbnail","7":"first","8":"instock","9":"virtual","10":"taxable","11":"purchasable","12":"product-type-event_ticket"},"aioseo_notices":[],"_links":{"self":[{"href":"https:\/\/www.practeez.com\/es\/wp-json\/wp\/v2\/product\/3116","targetHints":{"allow":["GET"]}}],"collection":[{"href":"https:\/\/www.practeez.com\/es\/wp-json\/wp\/v2\/product"}],"about":[{"href":"https:\/\/www.practeez.com\/es\/wp-json\/wp\/v2\/types\/product"}],"author":[{"embeddable":true,"href":"https:\/\/www.practeez.com\/es\/wp-json\/wp\/v2\/users\/3"}],"wp:featuredmedia":[{"embeddable":true,"href":"https:\/\/www.practeez.com\/es\/wp-json\/wp\/v2\/media\/1494"}],"wp:attachment":[{"href":"https:\/\/www.practeez.com\/es\/wp-json\/wp\/v2\/media?parent=3116"}],"wp:term":[{"taxonomy":"product_brand","embeddable":true,"href":"https:\/\/www.practeez.com\/es\/wp-json\/wp\/v2\/product_brand?post=3116"},{"taxonomy":"product_cat","embeddable":true,"href":"https:\/\/www.practeez.com\/es\/wp-json\/wp\/v2\/product_cat?post=3116"},{"taxonomy":"product_tag","embeddable":true,"href":"https:\/\/www.practeez.com\/es\/wp-json\/wp\/v2\/product_tag?post=3116"}],"curies":[{"name":"wp","href":"https:\/\/api.w.org\/{rel}","templated":true}]}}